{"id":594,"date":"2010-02-25T12:14:00","date_gmt":"2010-02-25T12:14:00","guid":{"rendered":"http:\/\/guiadepetropolis.com.br\/viagens\/?page_id=2"},"modified":"2018-06-04T19:14:18","modified_gmt":"2018-06-04T19:14:18","slug":"roteiros","status":"publish","type":"page","link":"https:\/\/viajandofeliz.com.br\/viagens\/roteiros\/","title":{"rendered":"Roteiros"},"content":{"rendered":"<p>Pensando em viajar? Escreva para nos e quem sabe poderemos ajudar:\u00a0<a href=\"mailto:dicas@viajandofeliz.com.br\">dicas@viajandofeliz.com.br<\/a><\/p>\n<p>Todos os anos colocamos uma mochila e vamos em busca de Hist\u00f3ria, Cultura, Idiomas diferentes e del\u00edcias do mundo todo!<br \/>\nConte conosco para obter dicas de turismo nas principais cidades da Alemanha, Fran\u00e7a, B\u00e9lgica, Holanda, Inglaterra, Hungria, Republica tcheca, Espanha e muito mais&#8230;!<br \/>\nAlem de dicas de passeio na Argentina, Chile e Uruguai!<\/p>\n<ul id=\"menu-categorias\" class=\"menu\"><li id=\"menu-item-655\" class=\"menu-item menu-item-type-taxonomy menu-item-object-category menu-item-655\"><a href=\"https:\/\/viajandofeliz.com.br\/viagens\/category\/alemanha\/\">Alemanha<\/a><\/li>\n<li id=\"menu-item-581\" class=\"menu-item menu-item-type-taxonomy menu-item-object-category menu-item-581\"><a href=\"https:\/\/viajandofeliz.com.br\/viagens\/category\/franca\/\">Fran\u00e7a<\/a><\/li>\n<li id=\"menu-item-1759\" class=\"menu-item menu-item-type-taxonomy menu-item-object-category menu-item-1759\"><a href=\"https:\/\/viajandofeliz.com.br\/viagens\/category\/budapeste\/\">Hungria<\/a><\/li>\n<li id=\"menu-item-2412\" class=\"menu-item menu-item-type-taxonomy menu-item-object-category menu-item-2412\"><a href=\"https:\/\/viajandofeliz.com.br\/viagens\/category\/suica\/\">Sui\u00e7a<\/a><\/li>\n<li id=\"menu-item-1867\" class=\"menu-item menu-item-type-taxonomy menu-item-object-category menu-item-1867\"><a href=\"https:\/\/viajandofeliz.com.br\/viagens\/category\/austria\/\">\u00c1ustria<\/a><\/li>\n<li id=\"menu-item-2249\" class=\"menu-item menu-item-type-taxonomy menu-item-object-category menu-item-2249\"><a href=\"https:\/\/viajandofeliz.com.br\/viagens\/category\/portugal\/\">Portugal<\/a><\/li>\n<li id=\"menu-item-1736\" class=\"menu-item menu-item-type-taxonomy menu-item-object-category menu-item-1736\"><a href=\"https:\/\/viajandofeliz.com.br\/viagens\/category\/republica-tcheca\/\">Rep. Tcheca<\/a><\/li>\n<li id=\"menu-item-1095\" class=\"menu-item menu-item-type-taxonomy menu-item-object-category menu-item-1095\"><a href=\"https:\/\/viajandofeliz.com.br\/viagens\/category\/italia\/\">It\u00e1lia<\/a><\/li>\n<li id=\"menu-item-582\" class=\"menu-item menu-item-type-taxonomy menu-item-object-category menu-item-582\"><a href=\"https:\/\/viajandofeliz.com.br\/viagens\/category\/holanda-2\/\">Holanda<\/a><\/li>\n<li id=\"menu-item-583\" class=\"menu-item menu-item-type-taxonomy menu-item-object-category menu-item-583\"><a href=\"https:\/\/viajandofeliz.com.br\/viagens\/category\/inglaterra\/\">Inglaterra<\/a><\/li>\n<li id=\"menu-item-584\" class=\"menu-item menu-item-type-taxonomy menu-item-object-category menu-item-584\"><a href=\"https:\/\/viajandofeliz.com.br\/viagens\/category\/espanha\/\">Espanha<\/a><\/li>\n<\/ul>\n<p>&nbsp;<\/p>\n<p>&nbsp;<\/p>\n","protected":false},"excerpt":{"rendered":"<p>Pensando em viajar? Escreva para nos e quem sabe poderemos ajudar:\u00a0dicas@viajandofeliz.com.br Todos os anos colocamos uma mochila e vamos em busca de Hist\u00f3ria, Cultura, Idiomas diferentes e del\u00edcias do mundo todo! Conte conosco para obter dicas de turismo nas principais cidades da Alemanha, Fran\u00e7a, B\u00e9lgica, Holanda, Inglaterra, Hungria, Republica tcheca, Espanha e muito mais&#8230;! Alem [&hellip;]<\/p>\n","protected":false},"author":1,"featured_media":0,"parent":0,"menu_order":0,"comment_status":"open","ping_status":"open","template":"","meta":{"footnotes":""},"class_list":["post-594","page","type-page","status-publish","hentry"],"yoast_head":"<!-- This site is optimized with the Yoast SEO plugin v26.7 - https:\/\/yoast.com\/wordpress\/plugins\/seo\/ -->\n<title>ViajandoFeliz.com.br Roteiros e dicas de viagem Alemanha, Paris ...<\/title>\n<meta name=\"description\" content=\"ViajandoFeliz.com.br Roteiros e dicas de viagem na Alemanha e It\u00e1lia, alem de dicas e roteiros nas cidades de Paris, Viena, Praga e Budapeste, Amsterd\u00e3, Londres e muitas outras cidades lindas da Europa e do mundo!\" \/>\n<meta name=\"robots\" content=\"index, follow, max-snippet:-1, max-image-preview:large, max-video-preview:-1\" \/>\n<link rel=\"canonical\" href=\"https:\/\/viajandofeliz.com.br\/viagens\/roteiros\/\" \/>\n<meta property=\"og:locale\" content=\"pt_BR\" \/>\n<meta property=\"og:type\" content=\"article\" \/>\n<meta property=\"og:title\" content=\"ViajandoFeliz.com.br Roteiros e dicas de viagem Alemanha, Paris ...\" \/>\n<meta property=\"og:description\" content=\"ViajandoFeliz.com.br Roteiros e dicas de viagem na Alemanha e It\u00e1lia, alem de dicas e roteiros nas cidades de Paris, Viena, Praga e Budapeste, Amsterd\u00e3, Londres e muitas outras cidades lindas da Europa e do mundo!\" \/>\n<meta property=\"og:url\" content=\"https:\/\/viajandofeliz.com.br\/viagens\/roteiros\/\" \/>\n<meta property=\"og:site_name\" content=\"Dicas de Viagem - Viajando Feliz\" \/>\n<meta property=\"article:modified_time\" content=\"2018-06-04T19:14:18+00:00\" \/>\n<script type=\"application\/ld+json\" class=\"yoast-schema-graph\">{\"@context\":\"https:\/\/schema.org\",\"@graph\":[{\"@type\":\"WebPage\",\"@id\":\"https:\/\/viajandofeliz.com.br\/viagens\/roteiros\/\",\"url\":\"https:\/\/viajandofeliz.com.br\/viagens\/roteiros\/\",\"name\":\"ViajandoFeliz.com.br Roteiros e dicas de viagem Alemanha, Paris ...\",\"isPartOf\":{\"@id\":\"https:\/\/viajandofeliz.com.br\/viagens\/#website\"},\"datePublished\":\"2010-02-25T12:14:00+00:00\",\"dateModified\":\"2018-06-04T19:14:18+00:00\",\"description\":\"ViajandoFeliz.com.br Roteiros e dicas de viagem na Alemanha e It\u00e1lia, alem de dicas e roteiros nas cidades de Paris, Viena, Praga e Budapeste, Amsterd\u00e3, Londres e muitas outras cidades lindas da Europa e do mundo!\",\"breadcrumb\":{\"@id\":\"https:\/\/viajandofeliz.com.br\/viagens\/roteiros\/#breadcrumb\"},\"inLanguage\":\"pt-BR\",\"potentialAction\":[{\"@type\":\"ReadAction\",\"target\":[\"https:\/\/viajandofeliz.com.br\/viagens\/roteiros\/\"]}]},{\"@type\":\"BreadcrumbList\",\"@id\":\"https:\/\/viajandofeliz.com.br\/viagens\/roteiros\/#breadcrumb\",\"itemListElement\":[{\"@type\":\"ListItem\",\"position\":1,\"name\":\"In\u00edcio\",\"item\":\"https:\/\/viajandofeliz.com.br\/viagens\/\"},{\"@type\":\"ListItem\",\"position\":2,\"name\":\"Roteiros\"}]},{\"@type\":\"WebSite\",\"@id\":\"https:\/\/viajandofeliz.com.br\/viagens\/#website\",\"url\":\"https:\/\/viajandofeliz.com.br\/viagens\/\",\"name\":\"Dicas de Viagem - Viajando Feliz\",\"description\":\"Dicas de Viagem, Roteiros e Relatos de viagens\",\"potentialAction\":[{\"@type\":\"SearchAction\",\"target\":{\"@type\":\"EntryPoint\",\"urlTemplate\":\"https:\/\/viajandofeliz.com.br\/viagens\/?s={search_term_string}\"},\"query-input\":{\"@type\":\"PropertyValueSpecification\",\"valueRequired\":true,\"valueName\":\"search_term_string\"}}],\"inLanguage\":\"pt-BR\"}]}<\/script>\n<!-- \/ Yoast SEO plugin. -->","yoast_head_json":{"title":"ViajandoFeliz.com.br Roteiros e dicas de viagem Alemanha, Paris ...","description":"ViajandoFeliz.com.br Roteiros e dicas de viagem na Alemanha e It\u00e1lia, alem de dicas e roteiros nas cidades de Paris, Viena, Praga e Budapeste, Amsterd\u00e3, Londres e muitas outras cidades lindas da Europa e do mundo!","robots":{"index":"index","follow":"follow","max-snippet":"max-snippet:-1","max-image-preview":"max-image-preview:large","max-video-preview":"max-video-preview:-1"},"canonical":"https:\/\/viajandofeliz.com.br\/viagens\/roteiros\/","og_locale":"pt_BR","og_type":"article","og_title":"ViajandoFeliz.com.br Roteiros e dicas de viagem Alemanha, Paris ...","og_description":"ViajandoFeliz.com.br Roteiros e dicas de viagem na Alemanha e It\u00e1lia, alem de dicas e roteiros nas cidades de Paris, Viena, Praga e Budapeste, Amsterd\u00e3, Londres e muitas outras cidades lindas da Europa e do mundo!","og_url":"https:\/\/viajandofeliz.com.br\/viagens\/roteiros\/","og_site_name":"Dicas de Viagem - Viajando Feliz","article_modified_time":"2018-06-04T19:14:18+00:00","schema":{"@context":"https:\/\/schema.org","@graph":[{"@type":"WebPage","@id":"https:\/\/viajandofeliz.com.br\/viagens\/roteiros\/","url":"https:\/\/viajandofeliz.com.br\/viagens\/roteiros\/","name":"ViajandoFeliz.com.br Roteiros e dicas de viagem Alemanha, Paris ...","isPartOf":{"@id":"https:\/\/viajandofeliz.com.br\/viagens\/#website"},"datePublished":"2010-02-25T12:14:00+00:00","dateModified":"2018-06-04T19:14:18+00:00","description":"ViajandoFeliz.com.br Roteiros e dicas de viagem na Alemanha e It\u00e1lia, alem de dicas e roteiros nas cidades de Paris, Viena, Praga e Budapeste, Amsterd\u00e3, Londres e muitas outras cidades lindas da Europa e do mundo!","breadcrumb":{"@id":"https:\/\/viajandofeliz.com.br\/viagens\/roteiros\/#breadcrumb"},"inLanguage":"pt-BR","potentialAction":[{"@type":"ReadAction","target":["https:\/\/viajandofeliz.com.br\/viagens\/roteiros\/"]}]},{"@type":"BreadcrumbList","@id":"https:\/\/viajandofeliz.com.br\/viagens\/roteiros\/#breadcrumb","itemListElement":[{"@type":"ListItem","position":1,"name":"In\u00edcio","item":"https:\/\/viajandofeliz.com.br\/viagens\/"},{"@type":"ListItem","position":2,"name":"Roteiros"}]},{"@type":"WebSite","@id":"https:\/\/viajandofeliz.com.br\/viagens\/#website","url":"https:\/\/viajandofeliz.com.br\/viagens\/","name":"Dicas de Viagem - Viajando Feliz","description":"Dicas de Viagem, Roteiros e Relatos de viagens","potentialAction":[{"@type":"SearchAction","target":{"@type":"EntryPoint","urlTemplate":"https:\/\/viajandofeliz.com.br\/viagens\/?s={search_term_string}"},"query-input":{"@type":"PropertyValueSpecification","valueRequired":true,"valueName":"search_term_string"}}],"inLanguage":"pt-BR"}]}},"_links":{"self":[{"href":"https:\/\/viajandofeliz.com.br\/viagens\/wp-json\/wp\/v2\/pages\/594","targetHints":{"allow":["GET"]}}],"collection":[{"href":"https:\/\/viajandofeliz.com.br\/viagens\/wp-json\/wp\/v2\/pages"}],"about":[{"href":"https:\/\/viajandofeliz.com.br\/viagens\/wp-json\/wp\/v2\/types\/page"}],"author":[{"embeddable":true,"href":"https:\/\/viajandofeliz.com.br\/viagens\/wp-json\/wp\/v2\/users\/1"}],"replies":[{"embeddable":true,"href":"https:\/\/viajandofeliz.com.br\/viagens\/wp-json\/wp\/v2\/comments?post=594"}],"version-history":[{"count":4,"href":"https:\/\/viajandofeliz.com.br\/viagens\/wp-json\/wp\/v2\/pages\/594\/revisions"}],"predecessor-version":[{"id":2067,"href":"https:\/\/viajandofeliz.com.br\/viagens\/wp-json\/wp\/v2\/pages\/594\/revisions\/2067"}],"wp:attachment":[{"href":"https:\/\/viajandofeliz.com.br\/viagens\/wp-json\/wp\/v2\/media?parent=594"}],"curies":[{"name":"wp","href":"https:\/\/api.w.org\/{rel}","templated":true}]}}