{"id":741,"date":"2015-02-09T13:41:42","date_gmt":"2015-02-09T13:41:42","guid":{"rendered":"http:\/\/viajandofeliz.com.br\/viagens\/?page_id=741"},"modified":"2018-06-04T19:15:18","modified_gmt":"2018-06-04T19:15:18","slug":"nossa-proposta-2","status":"publish","type":"page","link":"https:\/\/viajandofeliz.com.br\/viagens\/nossa-proposta-2\/","title":{"rendered":"Nossa proposta"},"content":{"rendered":"<p>Compartilhar informa\u00e7\u00f5es de viagens,\u00a0disponibilizar dicas e sobretudo fotos de lugares incr\u00edveis que trabalhamos para conhecer&#8230;!<\/p>\n<p>Todos os anos colocamos uma mochila e vamos em busca de Hist\u00f3ria, Cultura, Idiomas diferentes e del\u00edcias do mundo todo!<br \/>\nConte conosco para obter dicas de turismo nas principais cidades da Alemanha, Fran\u00e7a, B\u00e9lgica, Holanda, Inglaterra, Hungria, Republica tcheca, Espanha e muito mais\u2026!<br \/>\nAlem de dicas de passeio na Argentina, Chile e Uruguai<br \/>\n<ul id=\"menu-categorias\" class=\"menu\"><li id=\"menu-item-655\" class=\"menu-item menu-item-type-taxonomy menu-item-object-category menu-item-655\"><a href=\"https:\/\/viajandofeliz.com.br\/viagens\/category\/alemanha\/\">Alemanha<\/a><\/li>\n<li id=\"menu-item-581\" class=\"menu-item menu-item-type-taxonomy menu-item-object-category menu-item-581\"><a href=\"https:\/\/viajandofeliz.com.br\/viagens\/category\/franca\/\">Fran\u00e7a<\/a><\/li>\n<li id=\"menu-item-1759\" class=\"menu-item menu-item-type-taxonomy menu-item-object-category menu-item-1759\"><a href=\"https:\/\/viajandofeliz.com.br\/viagens\/category\/budapeste\/\">Hungria<\/a><\/li>\n<li id=\"menu-item-2412\" class=\"menu-item menu-item-type-taxonomy menu-item-object-category menu-item-2412\"><a href=\"https:\/\/viajandofeliz.com.br\/viagens\/category\/suica\/\">Sui\u00e7a<\/a><\/li>\n<li id=\"menu-item-1867\" class=\"menu-item menu-item-type-taxonomy menu-item-object-category menu-item-1867\"><a href=\"https:\/\/viajandofeliz.com.br\/viagens\/category\/austria\/\">\u00c1ustria<\/a><\/li>\n<li id=\"menu-item-2249\" class=\"menu-item menu-item-type-taxonomy menu-item-object-category menu-item-2249\"><a href=\"https:\/\/viajandofeliz.com.br\/viagens\/category\/portugal\/\">Portugal<\/a><\/li>\n<li id=\"menu-item-1736\" class=\"menu-item menu-item-type-taxonomy menu-item-object-category menu-item-1736\"><a href=\"https:\/\/viajandofeliz.com.br\/viagens\/category\/republica-tcheca\/\">Rep. Tcheca<\/a><\/li>\n<li id=\"menu-item-1095\" class=\"menu-item menu-item-type-taxonomy menu-item-object-category menu-item-1095\"><a href=\"https:\/\/viajandofeliz.com.br\/viagens\/category\/italia\/\">It\u00e1lia<\/a><\/li>\n<li id=\"menu-item-582\" class=\"menu-item menu-item-type-taxonomy menu-item-object-category menu-item-582\"><a href=\"https:\/\/viajandofeliz.com.br\/viagens\/category\/holanda-2\/\">Holanda<\/a><\/li>\n<li id=\"menu-item-583\" class=\"menu-item menu-item-type-taxonomy menu-item-object-category menu-item-583\"><a href=\"https:\/\/viajandofeliz.com.br\/viagens\/category\/inglaterra\/\">Inglaterra<\/a><\/li>\n<li id=\"menu-item-584\" class=\"menu-item menu-item-type-taxonomy menu-item-object-category menu-item-584\"><a href=\"https:\/\/viajandofeliz.com.br\/viagens\/category\/espanha\/\">Espanha<\/a><\/li>\n<\/ul>\n","protected":false},"excerpt":{"rendered":"<p>Compartilhar informa\u00e7\u00f5es de viagens,\u00a0disponibilizar dicas e sobretudo fotos de lugares incr\u00edveis que trabalhamos para conhecer&#8230;! Todos os anos colocamos uma mochila e vamos em busca de Hist\u00f3ria, Cultura, Idiomas diferentes e del\u00edcias do mundo todo! Conte conosco para obter dicas de turismo nas principais cidades da Alemanha, Fran\u00e7a, B\u00e9lgica, Holanda, Inglaterra, Hungria, Republica tcheca, Espanha [&hellip;]<\/p>\n","protected":false},"author":1,"featured_media":0,"parent":0,"menu_order":2,"comment_status":"open","ping_status":"open","template":"","meta":{"footnotes":""},"class_list":["post-741","page","type-page","status-publish","hentry"],"yoast_head":"<!-- This site is optimized with the Yoast SEO plugin v26.7 - https:\/\/yoast.com\/wordpress\/plugins\/seo\/ -->\n<title>ViajandoFeliz.com.br - Dicas de viagem<\/title>\n<meta name=\"description\" content=\"Dicas de Viagem, Roteiros de viagem para europa e Am\u00e9rica Latina.\" \/>\n<meta name=\"robots\" content=\"index, follow, max-snippet:-1, max-image-preview:large, max-video-preview:-1\" \/>\n<link rel=\"canonical\" href=\"https:\/\/viajandofeliz.com.br\/viagens\/nossa-proposta-2\/\" \/>\n<meta property=\"og:locale\" content=\"pt_BR\" \/>\n<meta property=\"og:type\" content=\"article\" \/>\n<meta property=\"og:title\" content=\"ViajandoFeliz.com.br - Dicas de viagem\" \/>\n<meta property=\"og:description\" content=\"Dicas de Viagem, Roteiros de viagem para europa e Am\u00e9rica Latina.\" \/>\n<meta property=\"og:url\" content=\"https:\/\/viajandofeliz.com.br\/viagens\/nossa-proposta-2\/\" \/>\n<meta property=\"og:site_name\" content=\"Dicas de Viagem - Viajando Feliz\" \/>\n<meta property=\"article:modified_time\" content=\"2018-06-04T19:15:18+00:00\" \/>\n<script type=\"application\/ld+json\" class=\"yoast-schema-graph\">{\"@context\":\"https:\/\/schema.org\",\"@graph\":[{\"@type\":\"WebPage\",\"@id\":\"https:\/\/viajandofeliz.com.br\/viagens\/nossa-proposta-2\/\",\"url\":\"https:\/\/viajandofeliz.com.br\/viagens\/nossa-proposta-2\/\",\"name\":\"ViajandoFeliz.com.br - Dicas de viagem\",\"isPartOf\":{\"@id\":\"https:\/\/viajandofeliz.com.br\/viagens\/#website\"},\"datePublished\":\"2015-02-09T13:41:42+00:00\",\"dateModified\":\"2018-06-04T19:15:18+00:00\",\"description\":\"Dicas de Viagem, Roteiros de viagem para europa e Am\u00e9rica Latina.\",\"breadcrumb\":{\"@id\":\"https:\/\/viajandofeliz.com.br\/viagens\/nossa-proposta-2\/#breadcrumb\"},\"inLanguage\":\"pt-BR\",\"potentialAction\":[{\"@type\":\"ReadAction\",\"target\":[\"https:\/\/viajandofeliz.com.br\/viagens\/nossa-proposta-2\/\"]}]},{\"@type\":\"BreadcrumbList\",\"@id\":\"https:\/\/viajandofeliz.com.br\/viagens\/nossa-proposta-2\/#breadcrumb\",\"itemListElement\":[{\"@type\":\"ListItem\",\"position\":1,\"name\":\"In\u00edcio\",\"item\":\"https:\/\/viajandofeliz.com.br\/viagens\/\"},{\"@type\":\"ListItem\",\"position\":2,\"name\":\"Nossa proposta\"}]},{\"@type\":\"WebSite\",\"@id\":\"https:\/\/viajandofeliz.com.br\/viagens\/#website\",\"url\":\"https:\/\/viajandofeliz.com.br\/viagens\/\",\"name\":\"Dicas de Viagem - Viajando Feliz\",\"description\":\"Dicas de Viagem, Roteiros e Relatos de viagens\",\"potentialAction\":[{\"@type\":\"SearchAction\",\"target\":{\"@type\":\"EntryPoint\",\"urlTemplate\":\"https:\/\/viajandofeliz.com.br\/viagens\/?s={search_term_string}\"},\"query-input\":{\"@type\":\"PropertyValueSpecification\",\"valueRequired\":true,\"valueName\":\"search_term_string\"}}],\"inLanguage\":\"pt-BR\"}]}<\/script>\n<!-- \/ Yoast SEO plugin. -->","yoast_head_json":{"title":"ViajandoFeliz.com.br - Dicas de viagem","description":"Dicas de Viagem, Roteiros de viagem para europa e Am\u00e9rica Latina.","robots":{"index":"index","follow":"follow","max-snippet":"max-snippet:-1","max-image-preview":"max-image-preview:large","max-video-preview":"max-video-preview:-1"},"canonical":"https:\/\/viajandofeliz.com.br\/viagens\/nossa-proposta-2\/","og_locale":"pt_BR","og_type":"article","og_title":"ViajandoFeliz.com.br - Dicas de viagem","og_description":"Dicas de Viagem, Roteiros de viagem para europa e Am\u00e9rica Latina.","og_url":"https:\/\/viajandofeliz.com.br\/viagens\/nossa-proposta-2\/","og_site_name":"Dicas de Viagem - Viajando Feliz","article_modified_time":"2018-06-04T19:15:18+00:00","schema":{"@context":"https:\/\/schema.org","@graph":[{"@type":"WebPage","@id":"https:\/\/viajandofeliz.com.br\/viagens\/nossa-proposta-2\/","url":"https:\/\/viajandofeliz.com.br\/viagens\/nossa-proposta-2\/","name":"ViajandoFeliz.com.br - Dicas de viagem","isPartOf":{"@id":"https:\/\/viajandofeliz.com.br\/viagens\/#website"},"datePublished":"2015-02-09T13:41:42+00:00","dateModified":"2018-06-04T19:15:18+00:00","description":"Dicas de Viagem, Roteiros de viagem para europa e Am\u00e9rica Latina.","breadcrumb":{"@id":"https:\/\/viajandofeliz.com.br\/viagens\/nossa-proposta-2\/#breadcrumb"},"inLanguage":"pt-BR","potentialAction":[{"@type":"ReadAction","target":["https:\/\/viajandofeliz.com.br\/viagens\/nossa-proposta-2\/"]}]},{"@type":"BreadcrumbList","@id":"https:\/\/viajandofeliz.com.br\/viagens\/nossa-proposta-2\/#breadcrumb","itemListElement":[{"@type":"ListItem","position":1,"name":"In\u00edcio","item":"https:\/\/viajandofeliz.com.br\/viagens\/"},{"@type":"ListItem","position":2,"name":"Nossa proposta"}]},{"@type":"WebSite","@id":"https:\/\/viajandofeliz.com.br\/viagens\/#website","url":"https:\/\/viajandofeliz.com.br\/viagens\/","name":"Dicas de Viagem - Viajando Feliz","description":"Dicas de Viagem, Roteiros e Relatos de viagens","potentialAction":[{"@type":"SearchAction","target":{"@type":"EntryPoint","urlTemplate":"https:\/\/viajandofeliz.com.br\/viagens\/?s={search_term_string}"},"query-input":{"@type":"PropertyValueSpecification","valueRequired":true,"valueName":"search_term_string"}}],"inLanguage":"pt-BR"}]}},"_links":{"self":[{"href":"https:\/\/viajandofeliz.com.br\/viagens\/wp-json\/wp\/v2\/pages\/741","targetHints":{"allow":["GET"]}}],"collection":[{"href":"https:\/\/viajandofeliz.com.br\/viagens\/wp-json\/wp\/v2\/pages"}],"about":[{"href":"https:\/\/viajandofeliz.com.br\/viagens\/wp-json\/wp\/v2\/types\/page"}],"author":[{"embeddable":true,"href":"https:\/\/viajandofeliz.com.br\/viagens\/wp-json\/wp\/v2\/users\/1"}],"replies":[{"embeddable":true,"href":"https:\/\/viajandofeliz.com.br\/viagens\/wp-json\/wp\/v2\/comments?post=741"}],"version-history":[{"count":4,"href":"https:\/\/viajandofeliz.com.br\/viagens\/wp-json\/wp\/v2\/pages\/741\/revisions"}],"predecessor-version":[{"id":2068,"href":"https:\/\/viajandofeliz.com.br\/viagens\/wp-json\/wp\/v2\/pages\/741\/revisions\/2068"}],"wp:attachment":[{"href":"https:\/\/viajandofeliz.com.br\/viagens\/wp-json\/wp\/v2\/media?parent=741"}],"curies":[{"name":"wp","href":"https:\/\/api.w.org\/{rel}","templated":true}]}}